{"id":2,"date":"2017-07-27T21:55:41","date_gmt":"2017-07-27T21:55:41","guid":{"rendered":"http:\/\/audreyhepburntribute.com\/?page_id=2"},"modified":"2023-03-15T11:20:54","modified_gmt":"2023-03-15T11:20:54","slug":"page-echantillon","status":"publish","type":"page","link":"https:\/\/www.audreyhepburntribute.com\/fr\/","title":{"rendered":""},"content":{"rendered":"<div id=\"audre-1663114842\" class=\"audre-before-content audre-entity-placement\"><iframe src=\"\/\/rcm-na.amazon-adsystem.com\/e\/cm?o=1&p=48&l=ur1&category=amazonfashion&banner=16WMC1S47DJG0A0MEW82&f=ifr&linkID=57a13c6dfe221fec912cf3f1a93563dd&t=amusa0d-20&tracking_id=amusa0d-20\" width=\"728\" height=\"90\" scrolling=\"no\" border=\"0\" marginwidth=\"0\" style=\"border:none;\" frameborder=\"0\"><\/iframe><\/div><blockquote>\n<h5 class=\"m-person--abstract\" style=\"text-align: center;\">Audrey Hepburn, star de Petit-d\u00e9jeuner chez Tiffany, reste l'une des plus grandes ic\u00f4nes de style d'Hollywood et l'une des actrices les plus c\u00e9l\u00e8bres au monde.<\/h5>\n<\/blockquote>\n<div><\/div>\n<div>L'actrice, ic\u00f4ne de la mode et philanthrope Audrey Hepburn est n\u00e9e le 4 mai 1929 \u00e0 Bruxelles, en Belgique. \u00c0 22 ans, elle joue dans la production de Gigi \u00e0 Broadway. Deux ans plus tard, elle joue dans le film <em>Vacances romaines<\/em> (1953) avec Gregory Peck. En 1961, elle \u00e9tablit de nouvelles normes de mode en incarnant Holly Golightly dans le film <em>Petit-d\u00e9jeuner chez Tiffany<\/em>. Hepburn est l'une des rares actrices \u00e0 avoir remport\u00e9 un Emmy, un Tony, un Grammy et un Academy Award. Dans les derni\u00e8res ann\u00e9es de sa vie, le th\u00e9\u00e2tre a \u00e9t\u00e9 rel\u00e9gu\u00e9 au second plan par rapport \u00e0 son travail en faveur des enfants.<\/div>\n<div id=\"audre-1952983891\" class=\"audre-after-content audre-entity-placement\"><div class=\"alignleft\">\r\n     <script type=\"text\/javascript\">\r\n       \tamzn_assoc_ad_type = \"banner\";\r\n\tamzn_assoc_marketplace = \"amazon\";\r\n\tamzn_assoc_region = \"US\";\r\n\tamzn_assoc_placement = \"assoc_banner_placement_default\";\r\n\tamzn_assoc_campaigns = \"amazonfashion\";\r\n\tamzn_assoc_banner_type = \"category\";\r\n\tamzn_assoc_p = \"48\";\r\n\tamzn_assoc_isresponsive = \"false\";\r\n\tamzn_assoc_banner_id = \"16WMC1S47DJG0A0MEW82\";\r\n\tamzn_assoc_width = \"728\";\r\n\tamzn_assoc_height = \"90\";\r\n\tamzn_assoc_tracking_id = \"amusa0d-20\";\r\n\tamzn_assoc_linkid = \"66d9eec6f7b88f9bebdb1bfdb8943253\";\r\n     <\/script>\r\n     <script src=\"https:\/\/z-na.amazon-adsystem.com\/widgets\/q?ServiceVersion=20070822&Operation=GetScript&ID=OneJS&WS=1\"><\/script>\r\n    <\/div><\/div>","protected":false},"excerpt":{"rendered":"<p>Audrey Hepburn, la star de Breakfast at Tiffany's, reste l'une des plus grandes ic\u00f4nes du style hollywoodien et l'une des actrices les plus c\u00e9l\u00e8bres au monde. Actrice, ic\u00f4ne de la mode et philanthrope, Audrey Hepburn est n\u00e9e le 4 mai 1929 \u00e0 Bruxelles, en Belgique. \u00c0 l'\u00e2ge de 22 ans, elle joue dans la production de Gigi \u00e0 Broadway. Deux ans plus tard, elle joue dans le film Vacances romaines (1953) avec Gregory Peck. En 1961, elle \u00e9tablit de nouvelles normes en mati\u00e8re de mode en incarnant Holly Golightly dans Breakfast at Tiffany's. Hepburn est l'une des rares actrices \u00e0 avoir remport\u00e9 un Emmy, un Tony, un Grammy et un Academy Award. Dans les derni\u00e8res ann\u00e9es de sa vie, le m\u00e9tier d'actrice a \u00e9t\u00e9 rel\u00e9gu\u00e9 au second plan par rapport \u00e0 son travail en faveur des enfants.<\/p>","protected":false},"author":1,"featured_media":7,"parent":0,"menu_order":0,"comment_status":"closed","ping_status":"closed","template":"page-fullwidth-promo.php","meta":{"footnotes":""},"class_list":["post-2","page","type-page","status-publish","has-post-thumbnail","hentry"],"ams_acf":[],"jetpack_sharing_enabled":true,"jetpack_shortlink":"https:\/\/wp.me\/P94fjT-2","jetpack-related-posts":[],"_links":{"self":[{"href":"https:\/\/www.audreyhepburntribute.com\/fr\/wp-json\/wp\/v2\/pages\/2","targetHints":{"allow":["GET"]}}],"collection":[{"href":"https:\/\/www.audreyhepburntribute.com\/fr\/wp-json\/wp\/v2\/pages"}],"about":[{"href":"https:\/\/www.audreyhepburntribute.com\/fr\/wp-json\/wp\/v2\/types\/page"}],"author":[{"embeddable":true,"href":"https:\/\/www.audreyhepburntribute.com\/fr\/wp-json\/wp\/v2\/users\/1"}],"replies":[{"embeddable":true,"href":"https:\/\/www.audreyhepburntribute.com\/fr\/wp-json\/wp\/v2\/comments?post=2"}],"version-history":[{"count":1,"href":"https:\/\/www.audreyhepburntribute.com\/fr\/wp-json\/wp\/v2\/pages\/2\/revisions"}],"predecessor-version":[{"id":1351,"href":"https:\/\/www.audreyhepburntribute.com\/fr\/wp-json\/wp\/v2\/pages\/2\/revisions\/1351"}],"wp:featuredmedia":[{"embeddable":true,"href":"https:\/\/www.audreyhepburntribute.com\/fr\/wp-json\/wp\/v2\/media\/7"}],"wp:attachment":[{"href":"https:\/\/www.audreyhepburntribute.com\/fr\/wp-json\/wp\/v2\/media?parent=2"}],"curies":[{"name":"wp","href":"https:\/\/api.w.org\/{rel}","templated":true}]}}