{"id":1235,"date":"2018-10-01T11:41:40","date_gmt":"2018-10-01T11:41:40","guid":{"rendered":"https:\/\/www.audreyhepburntribute.com\/?page_id=1235"},"modified":"2023-03-15T11:20:54","modified_gmt":"2023-03-15T11:20:54","slug":"mantel-2","status":"publish","type":"page","link":"https:\/\/www.audreyhepburntribute.com\/de\/mantel-2\/","title":{"rendered":"M\u00e4ntel"},"content":{"rendered":"<div id=\"audre-101351833\" class=\"audre-before-content audre-entity-placement\"><iframe src=\"\/\/rcm-na.amazon-adsystem.com\/e\/cm?o=1&p=48&l=ur1&category=amazonfashion&banner=16WMC1S47DJG0A0MEW82&f=ifr&linkID=57a13c6dfe221fec912cf3f1a93563dd&t=amusa0d-20&tracking_id=amusa0d-20\" width=\"728\" height=\"90\" scrolling=\"no\" border=\"0\" marginwidth=\"0\" style=\"border:none;\" frameborder=\"0\"><\/iframe><\/div><p><a href=\"http:\/\/tidd.ly\/84fdeff0\" target=\"_blank\" rel=\"noopener\"><img data-recalc-dims=\"1\" loading=\"lazy\" decoding=\"async\" data-attachment-id=\"1237\" data-permalink=\"https:\/\/www.audreyhepburntribute.com\/de\/mantel-2\/bildschirmfoto-2018-10-01-13-33-30\/\" data-orig-file=\"https:\/\/i0.wp.com\/www.audreyhepburntribute.com\/wp-content\/uploads\/2018\/10\/Screenshot-2018-10-01-13.33.30.png?fit=492%2C729&amp;ssl=1\" data-orig-size=\"492,729\" data-comments-opened=\"1\" data-image-meta=\"{&quot;aperture&quot;:&quot;0&quot;,&quot;credit&quot;:&quot;&quot;,&quot;camera&quot;:&quot;&quot;,&quot;caption&quot;:&quot;&quot;,&quot;created_timestamp&quot;:&quot;0&quot;,&quot;copyright&quot;:&quot;&quot;,&quot;focal_length&quot;:&quot;0&quot;,&quot;iso&quot;:&quot;0&quot;,&quot;shutter_speed&quot;:&quot;0&quot;,&quot;title&quot;:&quot;&quot;,&quot;orientation&quot;:&quot;0&quot;}\" data-image-title=\"Red coat woman\" data-image-description=\"\" data-image-caption=\"\" data-large-file=\"https:\/\/i0.wp.com\/www.audreyhepburntribute.com\/wp-content\/uploads\/2018\/10\/Screenshot-2018-10-01-13.33.30.png?fit=492%2C729&amp;ssl=1\" class=\"aligncenter size-medium wp-image-1237\" src=\"https:\/\/i0.wp.com\/www.audreyhepburntribute.com\/wp-content\/uploads\/2018\/10\/Screenshot-2018-10-01-13.33.30.png?resize=202%2C300&#038;ssl=1\" alt=\"Frau im roten Mantel\" width=\"202\" height=\"300\" srcset=\"https:\/\/i0.wp.com\/www.audreyhepburntribute.com\/wp-content\/uploads\/2018\/10\/Screenshot-2018-10-01-13.33.30.png?resize=202%2C300&amp;ssl=1 202w, https:\/\/i0.wp.com\/www.audreyhepburntribute.com\/wp-content\/uploads\/2018\/10\/Screenshot-2018-10-01-13.33.30.png?resize=150%2C222&amp;ssl=1 150w, https:\/\/i0.wp.com\/www.audreyhepburntribute.com\/wp-content\/uploads\/2018\/10\/Screenshot-2018-10-01-13.33.30.png?w=492&amp;ssl=1 492w\" sizes=\"auto, (max-width: 202px) 100vw, 202px\" \/><\/a><\/p>\n<p>Setzen Sie in dieser Saison ein Zeichen mit diesem warmen, fabelhaften <a href=\"http:\/\/tidd.ly\/84fdeff0\" target=\"_blank\" rel=\"noopener\">50er Jahre Milan Mantel in Burgund<\/a>!<\/p>\n<p>Klassisch und einzigartig, diese Sch\u00f6nheit wird Ihr Blickfang in dieser Saison sein! Der weiche, abnehmbare R\u00fccken mit rotem Kunstfellkragen, die langen \u00c4rmel, das taillierte Mieder mit zwei Knopfreihen und der schwingende Rock sorgen f\u00fcr eine elegante Silhouette. Es ist nicht nur umwerfend sch\u00f6n, sondern auch praktisch, da es \u00fcber praktische Seitentaschen verf\u00fcgt. Hergestellt aus einem dickeren, schweren, robusten und dennoch geschmeidigen Stoff (dehnt sich nicht!) in Burgunderrot.<\/p>\n<p>&nbsp;<\/p>\n<p><a href=\"http:\/\/tidd.ly\/80a78941\" target=\"_blank\" rel=\"noopener\"><img data-recalc-dims=\"1\" loading=\"lazy\" decoding=\"async\" data-attachment-id=\"1236\" data-permalink=\"https:\/\/www.audreyhepburntribute.com\/de\/mantel-2\/bildschirmfoto-2018-10-01-13-34-39\/\" data-orig-file=\"https:\/\/i0.wp.com\/www.audreyhepburntribute.com\/wp-content\/uploads\/2018\/10\/Screenshot-2018-10-01-13.34.39.png?fit=492%2C729&amp;ssl=1\" data-orig-size=\"492,729\" data-comments-opened=\"1\" data-image-meta=\"{&quot;aperture&quot;:&quot;0&quot;,&quot;credit&quot;:&quot;&quot;,&quot;camera&quot;:&quot;&quot;,&quot;caption&quot;:&quot;&quot;,&quot;created_timestamp&quot;:&quot;0&quot;,&quot;copyright&quot;:&quot;&quot;,&quot;focal_length&quot;:&quot;0&quot;,&quot;iso&quot;:&quot;0&quot;,&quot;shutter_speed&quot;:&quot;0&quot;,&quot;title&quot;:&quot;&quot;,&quot;orientation&quot;:&quot;0&quot;}\" data-image-title=\"black woman coat\" data-image-description=\"\" data-image-caption=\"\" data-large-file=\"https:\/\/i0.wp.com\/www.audreyhepburntribute.com\/wp-content\/uploads\/2018\/10\/Screenshot-2018-10-01-13.34.39.png?fit=492%2C729&amp;ssl=1\" class=\"aligncenter size-medium wp-image-1236\" src=\"https:\/\/i0.wp.com\/www.audreyhepburntribute.com\/wp-content\/uploads\/2018\/10\/Screenshot-2018-10-01-13.34.39.png?resize=202%2C300&#038;ssl=1\" alt=\"schwarzer Frauenmantel\" width=\"202\" height=\"300\" srcset=\"https:\/\/i0.wp.com\/www.audreyhepburntribute.com\/wp-content\/uploads\/2018\/10\/Screenshot-2018-10-01-13.34.39.png?resize=202%2C300&amp;ssl=1 202w, https:\/\/i0.wp.com\/www.audreyhepburntribute.com\/wp-content\/uploads\/2018\/10\/Screenshot-2018-10-01-13.34.39.png?resize=150%2C222&amp;ssl=1 150w, https:\/\/i0.wp.com\/www.audreyhepburntribute.com\/wp-content\/uploads\/2018\/10\/Screenshot-2018-10-01-13.34.39.png?w=492&amp;ssl=1 492w\" sizes=\"auto, (max-width: 202px) 100vw, 202px\" \/><\/a><\/p>\n<p>Die 50er-Jahre-Katze <a href=\"http:\/\/tidd.ly\/80a78941\" target=\"_blank\" rel=\"noopener\">Leopard Swing Mantel in Schwarz<\/a> ist ein eleganter schwarzer Mantel mit schickem Kunstpelzbesatz!<\/p>\n<p>Der Herbst ist da und es kann sehr k\u00fchl werden... aber wen k\u00fcmmert das, wenn wir fabelhaft aussehen! Schauen Sie sich nur die Details dieses schwarzen Mantels an; der breite Kragen und die Manschetten sind mit weichem und flauschigem Leopardenfellimitat besetzt und er wird mit einem auff\u00e4lligen doppelreihigen Knopfverschluss geschlossen. Er ist wunderbar feminin geschnitten: lange \u00c4rmel, ein tailliertes Oberteil und ein schwingender Rock f\u00fcr eine schlanke Silhouette. Er verf\u00fcgt \u00fcber praktische Seitentaschen, in denen Sie Ihre H\u00e4nde w\u00e4rmen k\u00f6nnen, falls Sie versehentlich Ihre Handschuhe vergessen haben. Es ist aus einem dickeren, aber dennoch weichen und geschmeidigen Stoff (dehnt sich nicht!) in klassischem Schwarz gefertigt und vollst\u00e4ndig in Schwarz gef\u00fcttert.<\/p>\n<p>&nbsp;<\/p>\n<p>Sie m\u00f6chten die M\u00e4ntel mit einer Tasche kombinieren?<\/p>\n<p>Bitte anklicken <a href=\"https:\/\/www.audreyhepburntribute.com\/de\/schone-retro-handtaschen\/\" target=\"_blank\" rel=\"noopener\">HIER<\/a> und schauen Sie sich unsere Auswahl an Taschen f\u00fcr Sie an!<\/p>\n<p>Wir hoffen, dass Sie sich jeden Tag sch\u00f6n f\u00fchlen! Es ist egal, was Sie tragen, solange Sie sich gut f\u00fchlen! Wir freuen uns, wenn Sie jedes Kleidungsst\u00fcck, das Sie w\u00e4hlen, mit einem Tag versehen und Ihre Meinung dazu mit uns teilen, @AudreyHepburnTribute oder #AudreyHepburnTribute<\/p>\n<div id=\"audre-132144382\" class=\"audre-after-content audre-entity-placement\"><div class=\"alignleft\">\r\n     <script type=\"text\/javascript\">\r\n       \tamzn_assoc_ad_type = \"banner\";\r\n\tamzn_assoc_marketplace = \"amazon\";\r\n\tamzn_assoc_region = \"US\";\r\n\tamzn_assoc_placement = \"assoc_banner_placement_default\";\r\n\tamzn_assoc_campaigns = \"amazonfashion\";\r\n\tamzn_assoc_banner_type = \"category\";\r\n\tamzn_assoc_p = \"48\";\r\n\tamzn_assoc_isresponsive = \"false\";\r\n\tamzn_assoc_banner_id = \"16WMC1S47DJG0A0MEW82\";\r\n\tamzn_assoc_width = \"728\";\r\n\tamzn_assoc_height = \"90\";\r\n\tamzn_assoc_tracking_id = \"amusa0d-20\";\r\n\tamzn_assoc_linkid = \"66d9eec6f7b88f9bebdb1bfdb8943253\";\r\n     <\/script>\r\n     <script src=\"https:\/\/z-na.amazon-adsystem.com\/widgets\/q?ServiceVersion=20070822&Operation=GetScript&ID=OneJS&WS=1\"><\/script>\r\n    <\/div><\/div>","protected":false},"excerpt":{"rendered":"<p>Make a statement this season with this warm, fabulous 50s Milan Coat in Burgundy! Classic and unique, this beauty is going to be your eyecatcher this season! It features the soft detachable back with red faux fur collar, long sleeves, fitted bodice with two button rows and swing skirt which will give you a very elegant silhouette. Not only amazingly beautiful but also practical, it features handy side pockets. Made from a thicker, heavy quality, sturdy yet supple fabric (doesn&#8217;t stretch!) in burgundy red. &nbsp; The 50s Feline Leopard Swing Coat in Black is an elegant black coat with sassy faux fur detailing! Autumn is here and it can be very chilly&#8230;but who cares if we&#8217;re looking fabulous! Just look at the details of this black coat; the wide collar and cuffs are finished off with soft and fluffy faux leopard fur and it closes by a striking double breasted button closure. It&#8217;s cut in a beautiful feminine way; long sleeves, a fitted bodice and a swing skirt for a slim silhouette, features handy side pockets so you can warm your hands in there if you accidentally forget your gloves. Made from a thicker yet soft and supple fabric (doesn&#8217;t [&hellip;]<\/p>\n","protected":false},"author":1,"featured_media":1237,"parent":0,"menu_order":0,"comment_status":"closed","ping_status":"closed","template":"","meta":{"jetpack_post_was_ever_published":false,"footnotes":""},"class_list":["post-1235","page","type-page","status-publish","has-post-thumbnail","hentry"],"ams_acf":[],"jetpack_sharing_enabled":true,"jetpack_shortlink":"https:\/\/wp.me\/P94fjT-jV","jetpack-related-posts":[],"_links":{"self":[{"href":"https:\/\/www.audreyhepburntribute.com\/de\/wp-json\/wp\/v2\/pages\/1235","targetHints":{"allow":["GET"]}}],"collection":[{"href":"https:\/\/www.audreyhepburntribute.com\/de\/wp-json\/wp\/v2\/pages"}],"about":[{"href":"https:\/\/www.audreyhepburntribute.com\/de\/wp-json\/wp\/v2\/types\/page"}],"author":[{"embeddable":true,"href":"https:\/\/www.audreyhepburntribute.com\/de\/wp-json\/wp\/v2\/users\/1"}],"replies":[{"embeddable":true,"href":"https:\/\/www.audreyhepburntribute.com\/de\/wp-json\/wp\/v2\/comments?post=1235"}],"version-history":[{"count":3,"href":"https:\/\/www.audreyhepburntribute.com\/de\/wp-json\/wp\/v2\/pages\/1235\/revisions"}],"predecessor-version":[{"id":1273,"href":"https:\/\/www.audreyhepburntribute.com\/de\/wp-json\/wp\/v2\/pages\/1235\/revisions\/1273"}],"wp:featuredmedia":[{"embeddable":true,"href":"https:\/\/www.audreyhepburntribute.com\/de\/wp-json\/wp\/v2\/media\/1237"}],"wp:attachment":[{"href":"https:\/\/www.audreyhepburntribute.com\/de\/wp-json\/wp\/v2\/media?parent=1235"}],"curies":[{"name":"wp","href":"https:\/\/api.w.org\/{rel}","templated":true}]}}